{"id":1805,"date":"2023-12-11T16:01:32","date_gmt":"2023-12-11T15:01:32","guid":{"rendered":"https:\/\/intelligenteetaudacieuse.com\/?page_id=1805"},"modified":"2024-01-23T08:29:12","modified_gmt":"2024-01-23T07:29:12","slug":"ton-cadeau","status":"publish","type":"page","link":"https:\/\/intelligenteetaudacieuse.com\/index.php\/ton-cadeau\/","title":{"rendered":"Ton cadeau"},"content":{"rendered":"\t\t<div data-elementor-type=\"wp-page\" data-elementor-id=\"1805\" class=\"elementor elementor-1805\">\n\t\t\t\t<div class=\"elementor-element elementor-element-83cc42f e-flex e-con-boxed e-con e-parent\" data-id=\"83cc42f\" data-element_type=\"container\" data-e-type=\"container\" data-settings=\"{&quot;background_background&quot;:&quot;classic&quot;}\">\n\t\t\t\t\t<div class=\"e-con-inner\">\n\t\t\t\t<div class=\"elementor-element elementor-element-d824d9c elementor-widget-divider--view-line_text elementor-widget-divider--element-align-center elementor-widget elementor-widget-divider\" data-id=\"d824d9c\" data-element_type=\"widget\" data-e-type=\"widget\" data-widget_type=\"divider.default\">\n\t\t\t\t<div class=\"elementor-widget-container\">\n\t\t\t\t\t\t\t<div class=\"elementor-divider\">\n\t\t\t<span class=\"elementor-divider-separator\">\n\t\t\t\t\t\t\t<span class=\"elementor-divider__text elementor-divider__element\">\n\t\t\t\tTON CADEAU\t\t\t\t<\/span>\n\t\t\t\t\t\t<\/span>\n\t\t<\/div>\n\t\t\t\t\t\t<\/div>\n\t\t\t\t<\/div>\n\t\t\t\t\t<\/div>\n\t\t\t\t<\/div>\n\t\t<div class=\"elementor-element elementor-element-12b9064 e-flex e-con-boxed e-con e-parent\" data-id=\"12b9064\" data-element_type=\"container\" data-e-type=\"container\" data-settings=\"{&quot;background_background&quot;:&quot;classic&quot;}\">\n\t\t\t\t\t<div class=\"e-con-inner\">\n\t\t<div class=\"elementor-element elementor-element-8627100 e-con-full e-flex e-con e-child\" data-id=\"8627100\" data-element_type=\"container\" data-e-type=\"container\">\n\t\t\t\t<div class=\"elementor-element elementor-element-fea4b37 elementor-widget elementor-widget-heading\" data-id=\"fea4b37\" data-element_type=\"widget\" data-e-type=\"widget\" data-widget_type=\"heading.default\">\n\t\t\t\t<div class=\"elementor-widget-container\">\n\t\t\t\t\t<h2 class=\"elementor-heading-title elementor-size-default\">RECEVOIR MON E-BOOK GRATUIT<\/h2>\t\t\t\t<\/div>\n\t\t\t\t<\/div>\n\t\t\t\t<div class=\"elementor-element elementor-element-85bcc73 elementor-widget elementor-widget-image\" data-id=\"85bcc73\" data-element_type=\"widget\" data-e-type=\"widget\" data-widget_type=\"image.default\">\n\t\t\t\t<div class=\"elementor-widget-container\">\n\t\t\t\t\t\t\t\t\t\t\t\t\t\t\t<img fetchpriority=\"high\" decoding=\"async\" width=\"666\" height=\"375\" src=\"https:\/\/intelligenteetaudacieuse.com\/wp-content\/uploads\/2023\/12\/Design_sans_titre-3-removebg-preview-3.png\" class=\"attachment-large size-large wp-image-1584\" alt=\"\" srcset=\"https:\/\/intelligenteetaudacieuse.com\/wp-content\/uploads\/2023\/12\/Design_sans_titre-3-removebg-preview-3.png 666w, https:\/\/intelligenteetaudacieuse.com\/wp-content\/uploads\/2023\/12\/Design_sans_titre-3-removebg-preview-3-300x169.png 300w\" sizes=\"(max-width: 666px) 100vw, 666px\" \/>\t\t\t\t\t\t\t\t\t\t\t\t\t\t\t<\/div>\n\t\t\t\t<\/div>\n\t\t\t\t<\/div>\n\t\t<div class=\"elementor-element elementor-element-93eb172 e-con-full e-flex e-con e-child\" data-id=\"93eb172\" data-element_type=\"container\" data-e-type=\"container\">\n\t\t<div class=\"elementor-element elementor-element-19445ee e-flex e-con-boxed e-con e-child\" data-id=\"19445ee\" data-element_type=\"container\" data-e-type=\"container\">\n\t\t\t\t\t<div class=\"e-con-inner\">\n\t\t\t\t<div class=\"elementor-element elementor-element-2eae637 elementor-widget elementor-widget-heading\" data-id=\"2eae637\" data-element_type=\"widget\" data-e-type=\"widget\" data-widget_type=\"heading.default\">\n\t\t\t\t<div class=\"elementor-widget-container\">\n\t\t\t\t\t<h2 class=\"elementor-heading-title elementor-size-default\">TON E-BOOK &amp; <br>\n<b>TA CHECK-LIST<\/b><\/h2>\t\t\t\t<\/div>\n\t\t\t\t<\/div>\n\t\t\t\t<div class=\"elementor-element elementor-element-6e81e02 elementor-widget elementor-widget-heading\" data-id=\"6e81e02\" data-element_type=\"widget\" data-e-type=\"widget\" data-widget_type=\"heading.default\">\n\t\t\t\t<div class=\"elementor-widget-container\">\n\t\t\t\t\t<h2 class=\"elementor-heading-title elementor-size-default\">Avec cet e-book, tu auras un d\u00e9tail des 7 types de conseils qui quadrillent notre quotidien et une pr\u00e9cieuse check-list de crit\u00e8res. Cela pourra te permettre de d\u00e9blayer une partie des questions que tu te poses afin d'arriver \u00e0 \u00e9largir ta bulle d'\u00e9veil personnel. \ud83e\udee7\u2728<\/h2>\t\t\t\t<\/div>\n\t\t\t\t<\/div>\n\t\t\t\t\t<\/div>\n\t\t\t\t<\/div>\n\t\t<div class=\"elementor-element elementor-element-27d5d14 e-flex e-con-boxed e-con e-child\" data-id=\"27d5d14\" data-element_type=\"container\" data-e-type=\"container\">\n\t\t\t\t\t<div class=\"e-con-inner\">\n\t\t\t\t<div class=\"elementor-element elementor-element-dfef32a elementor-widget elementor-widget-html\" data-id=\"dfef32a\" data-element_type=\"widget\" data-e-type=\"widget\" data-widget_type=\"html.default\">\n\t\t\t\t<div class=\"elementor-widget-container\">\n\t\t\t\t\t<script id=\"form-script-tag-8324194\" src=\"https:\/\/fatimazahramouradi.systeme.io\/public\/remote\/page\/1281156554abe0998cce76359320dfa8dc2eb0ee.js\"><\/script>\t\t\t\t<\/div>\n\t\t\t\t<\/div>\n\t\t\t\t\t<\/div>\n\t\t\t\t<\/div>\n\t\t\t\t<\/div>\n\t\t\t\t\t<\/div>\n\t\t\t\t<\/div>\n\t\t\t\t<\/div>\n\t\t<p><a href=\"\/\/www.pinterest.com\/pin\/create\/button\/\" data-pin-do=\"buttonBookmark\" data-pin-color=\"red\" data-pin-height=\"128\"><img decoding=\"async\" src=\"\/\/assets.pinterest.com\/images\/pidgets\/pinit_fg_en_rect_red_28.png\" \/><\/a><\/p>","protected":false},"excerpt":{"rendered":"<p>TON CADEAU RECEVOIR MON E-BOOK GRATUIT TON E-BOOK &amp; TA CHECK-LIST Avec cet e-book, tu auras un d\u00e9tail des 7 types de conseils qui quadrillent notre quotidien et une pr\u00e9cieuse check-list de crit\u00e8res. Cela pourra te permettre de d\u00e9blayer une partie des questions que tu te poses afin d&#8217;arriver \u00e0 \u00e9largir ta bulle d&#8217;\u00e9veil personnel. [&hellip;]<\/p>\n","protected":false},"author":1,"featured_media":0,"parent":0,"menu_order":0,"comment_status":"closed","ping_status":"closed","template":"","meta":{"ocean_post_layout":"","ocean_both_sidebars_style":"","ocean_both_sidebars_content_width":0,"ocean_both_sidebars_sidebars_width":0,"ocean_sidebar":"","ocean_second_sidebar":"","ocean_disable_margins":"enable","ocean_add_body_class":"","ocean_shortcode_before_top_bar":"","ocean_shortcode_after_top_bar":"","ocean_shortcode_before_header":"","ocean_shortcode_after_header":"","ocean_has_shortcode":"","ocean_shortcode_after_title":"","ocean_shortcode_before_footer_widgets":"","ocean_shortcode_after_footer_widgets":"","ocean_shortcode_before_footer_bottom":"","ocean_shortcode_after_footer_bottom":"","ocean_display_top_bar":"default","ocean_display_header":"default","ocean_header_style":"","ocean_center_header_left_menu":"","ocean_custom_header_template":"","ocean_custom_logo":0,"ocean_custom_retina_logo":0,"ocean_custom_logo_max_width":0,"ocean_custom_logo_tablet_max_width":0,"ocean_custom_logo_mobile_max_width":0,"ocean_custom_logo_max_height":0,"ocean_custom_logo_tablet_max_height":0,"ocean_custom_logo_mobile_max_height":0,"ocean_header_custom_menu":"","ocean_menu_typo_font_family":"","ocean_menu_typo_font_subset":"","ocean_menu_typo_font_size":0,"ocean_menu_typo_font_size_tablet":0,"ocean_menu_typo_font_size_mobile":0,"ocean_menu_typo_font_size_unit":"px","ocean_menu_typo_font_weight":"","ocean_menu_typo_font_weight_tablet":"","ocean_menu_typo_font_weight_mobile":"","ocean_menu_typo_transform":"","ocean_menu_typo_transform_tablet":"","ocean_menu_typo_transform_mobile":"","ocean_menu_typo_line_height":0,"ocean_menu_typo_line_height_tablet":0,"ocean_menu_typo_line_height_mobile":0,"ocean_menu_typo_line_height_unit":"","ocean_menu_typo_spacing":0,"ocean_menu_typo_spacing_tablet":0,"ocean_menu_typo_spacing_mobile":0,"ocean_menu_typo_spacing_unit":"","ocean_menu_link_color":"","ocean_menu_link_color_hover":"","ocean_menu_link_color_active":"","ocean_menu_link_background":"","ocean_menu_link_hover_background":"","ocean_menu_link_active_background":"","ocean_menu_social_links_bg":"","ocean_menu_social_hover_links_bg":"","ocean_menu_social_links_color":"","ocean_menu_social_hover_links_color":"","ocean_disable_title":"default","ocean_disable_heading":"default","ocean_post_title":"","ocean_post_subheading":"","ocean_post_title_style":"","ocean_post_title_background_color":"","ocean_post_title_background":0,"ocean_post_title_bg_image_position":"","ocean_post_title_bg_image_attachment":"","ocean_post_title_bg_image_repeat":"","ocean_post_title_bg_image_size":"","ocean_post_title_height":0,"ocean_post_title_bg_overlay":0.5,"ocean_post_title_bg_overlay_color":"","ocean_disable_breadcrumbs":"default","ocean_breadcrumbs_color":"","ocean_breadcrumbs_separator_color":"","ocean_breadcrumbs_links_color":"","ocean_breadcrumbs_links_hover_color":"","ocean_display_footer_widgets":"default","ocean_display_footer_bottom":"default","ocean_custom_footer_template":"","footnotes":""},"class_list":["post-1805","page","type-page","status-publish","hentry","entry"],"yoast_head":"<!-- This site is optimized with the Yoast SEO plugin v27.5 - https:\/\/yoast.com\/product\/yoast-seo-wordpress\/ -->\n<title>Ton cadeau - Intelligente&amp;Audacieuse<\/title>\n<meta name=\"description\" content=\"Re\u00e7ois ton cadeau gratuitement ! Intelligente&amp;Audacieuse te propose un e-book et une check-list afin de cerner si tu es bien entour\u00e9(e) !\" \/>\n<meta name=\"robots\" content=\"index, follow, max-snippet:-1, max-image-preview:large, max-video-preview:-1\" \/>\n<link rel=\"canonical\" href=\"https:\/\/intelligenteetaudacieuse.com\/index.php\/ton-cadeau\/\" \/>\n<meta property=\"og:locale\" content=\"en_US\" \/>\n<meta property=\"og:type\" content=\"article\" \/>\n<meta property=\"og:title\" content=\"Ton cadeau - Intelligente&amp;Audacieuse\" \/>\n<meta property=\"og:description\" content=\"Re\u00e7ois ton cadeau gratuitement ! Intelligente&amp;Audacieuse te propose un e-book et une check-list afin de cerner si tu es bien entour\u00e9(e) !\" \/>\n<meta property=\"og:url\" content=\"https:\/\/intelligenteetaudacieuse.com\/index.php\/ton-cadeau\/\" \/>\n<meta property=\"og:site_name\" content=\"Intelligente&amp;Audacieuse\" \/>\n<meta property=\"article:publisher\" content=\"https:\/\/www.facebook.com\/profile.php?id=61553709681320\" \/>\n<meta property=\"article:modified_time\" content=\"2024-01-23T07:29:12+00:00\" \/>\n<meta property=\"og:image\" content=\"https:\/\/intelligenteetaudacieuse.com\/wp-content\/uploads\/2023\/12\/Design_sans_titre-3-removebg-preview-3.png\" \/>\n<meta name=\"twitter:card\" content=\"summary_large_image\" \/>\n<meta name=\"twitter:label1\" content=\"Est. reading time\" \/>\n\t<meta name=\"twitter:data1\" content=\"1 minute\" \/>\n<script type=\"application\/ld+json\" class=\"yoast-schema-graph\">{\"@context\":\"https:\\\/\\\/schema.org\",\"@graph\":[{\"@type\":\"WebPage\",\"@id\":\"https:\\\/\\\/intelligenteetaudacieuse.com\\\/index.php\\\/ton-cadeau\\\/\",\"url\":\"https:\\\/\\\/intelligenteetaudacieuse.com\\\/index.php\\\/ton-cadeau\\\/\",\"name\":\"Ton cadeau - Intelligente&Audacieuse\",\"isPartOf\":{\"@id\":\"https:\\\/\\\/intelligenteetaudacieuse.com\\\/#website\"},\"primaryImageOfPage\":{\"@id\":\"https:\\\/\\\/intelligenteetaudacieuse.com\\\/index.php\\\/ton-cadeau\\\/#primaryimage\"},\"image\":{\"@id\":\"https:\\\/\\\/intelligenteetaudacieuse.com\\\/index.php\\\/ton-cadeau\\\/#primaryimage\"},\"thumbnailUrl\":\"https:\\\/\\\/intelligenteetaudacieuse.com\\\/wp-content\\\/uploads\\\/2023\\\/12\\\/Design_sans_titre-3-removebg-preview-3.png\",\"datePublished\":\"2023-12-11T15:01:32+00:00\",\"dateModified\":\"2024-01-23T07:29:12+00:00\",\"description\":\"Re\u00e7ois ton cadeau gratuitement ! Intelligente&Audacieuse te propose un e-book et une check-list afin de cerner si tu es bien entour\u00e9(e) !\",\"breadcrumb\":{\"@id\":\"https:\\\/\\\/intelligenteetaudacieuse.com\\\/index.php\\\/ton-cadeau\\\/#breadcrumb\"},\"inLanguage\":\"en-US\",\"potentialAction\":[{\"@type\":\"ReadAction\",\"target\":[\"https:\\\/\\\/intelligenteetaudacieuse.com\\\/index.php\\\/ton-cadeau\\\/\"]}]},{\"@type\":\"ImageObject\",\"inLanguage\":\"en-US\",\"@id\":\"https:\\\/\\\/intelligenteetaudacieuse.com\\\/index.php\\\/ton-cadeau\\\/#primaryimage\",\"url\":\"https:\\\/\\\/intelligenteetaudacieuse.com\\\/wp-content\\\/uploads\\\/2023\\\/12\\\/Design_sans_titre-3-removebg-preview-3.png\",\"contentUrl\":\"https:\\\/\\\/intelligenteetaudacieuse.com\\\/wp-content\\\/uploads\\\/2023\\\/12\\\/Design_sans_titre-3-removebg-preview-3.png\",\"width\":666,\"height\":375},{\"@type\":\"BreadcrumbList\",\"@id\":\"https:\\\/\\\/intelligenteetaudacieuse.com\\\/index.php\\\/ton-cadeau\\\/#breadcrumb\",\"itemListElement\":[{\"@type\":\"ListItem\",\"position\":1,\"name\":\"Accueil\",\"item\":\"https:\\\/\\\/intelligenteetaudacieuse.com\\\/\"},{\"@type\":\"ListItem\",\"position\":2,\"name\":\"Ton cadeau\"}]},{\"@type\":\"WebSite\",\"@id\":\"https:\\\/\\\/intelligenteetaudacieuse.com\\\/#website\",\"url\":\"https:\\\/\\\/intelligenteetaudacieuse.com\\\/\",\"name\":\"Intelligente&Audacieuse\",\"description\":\"Conseils, Recommandations et Confort\",\"publisher\":{\"@id\":\"https:\\\/\\\/intelligenteetaudacieuse.com\\\/#organization\"},\"potentialAction\":[{\"@type\":\"SearchAction\",\"target\":{\"@type\":\"EntryPoint\",\"urlTemplate\":\"https:\\\/\\\/intelligenteetaudacieuse.com\\\/?s={search_term_string}\"},\"query-input\":{\"@type\":\"PropertyValueSpecification\",\"valueRequired\":true,\"valueName\":\"search_term_string\"}}],\"inLanguage\":\"en-US\"},{\"@type\":\"Organization\",\"@id\":\"https:\\\/\\\/intelligenteetaudacieuse.com\\\/#organization\",\"name\":\"Intelligente&Audacieuse\",\"url\":\"https:\\\/\\\/intelligenteetaudacieuse.com\\\/\",\"logo\":{\"@type\":\"ImageObject\",\"inLanguage\":\"en-US\",\"@id\":\"https:\\\/\\\/intelligenteetaudacieuse.com\\\/#\\\/schema\\\/logo\\\/image\\\/\",\"url\":\"https:\\\/\\\/intelligenteetaudacieuse.com\\\/wp-content\\\/uploads\\\/2023\\\/11\\\/cropped-cropped-Ambitieuse_copie_2-removebg-preview.png\",\"contentUrl\":\"https:\\\/\\\/intelligenteetaudacieuse.com\\\/wp-content\\\/uploads\\\/2023\\\/11\\\/cropped-cropped-Ambitieuse_copie_2-removebg-preview.png\",\"width\":434,\"height\":192,\"caption\":\"Intelligente&Audacieuse\"},\"image\":{\"@id\":\"https:\\\/\\\/intelligenteetaudacieuse.com\\\/#\\\/schema\\\/logo\\\/image\\\/\"},\"sameAs\":[\"https:\\\/\\\/www.facebook.com\\\/profile.php?id=61553709681320\",\"https:\\\/\\\/www.pinterest.fr58f9fa0dec6fd0fdad06858f2db4ea57\",\"https:\\\/\\\/www.instagram.com\\\/intelligenteetaudacieuse\\\/\",\"https:\\\/\\\/www.linkedin.com\\\/company\\\/86211223\\\/admin\\\/feed\\\/posts\\\/?feedType=following\",\"https:\\\/\\\/www.youtube.com\\\/channel\\\/UC4vJC9O5Wzdc9y-HdHQJN2g\"]}]}<\/script>\n<!-- \/ Yoast SEO plugin. -->","yoast_head_json":{"title":"Ton cadeau - Intelligente&Audacieuse","description":"Re\u00e7ois ton cadeau gratuitement ! Intelligente&Audacieuse te propose un e-book et une check-list afin de cerner si tu es bien entour\u00e9(e) !","robots":{"index":"index","follow":"follow","max-snippet":"max-snippet:-1","max-image-preview":"max-image-preview:large","max-video-preview":"max-video-preview:-1"},"canonical":"https:\/\/intelligenteetaudacieuse.com\/index.php\/ton-cadeau\/","og_locale":"en_US","og_type":"article","og_title":"Ton cadeau - Intelligente&Audacieuse","og_description":"Re\u00e7ois ton cadeau gratuitement ! Intelligente&Audacieuse te propose un e-book et une check-list afin de cerner si tu es bien entour\u00e9(e) !","og_url":"https:\/\/intelligenteetaudacieuse.com\/index.php\/ton-cadeau\/","og_site_name":"Intelligente&amp;Audacieuse","article_publisher":"https:\/\/www.facebook.com\/profile.php?id=61553709681320","article_modified_time":"2024-01-23T07:29:12+00:00","og_image":[{"url":"https:\/\/intelligenteetaudacieuse.com\/wp-content\/uploads\/2023\/12\/Design_sans_titre-3-removebg-preview-3.png","type":"","width":"","height":""}],"twitter_card":"summary_large_image","twitter_misc":{"Est. reading time":"1 minute"},"schema":{"@context":"https:\/\/schema.org","@graph":[{"@type":"WebPage","@id":"https:\/\/intelligenteetaudacieuse.com\/index.php\/ton-cadeau\/","url":"https:\/\/intelligenteetaudacieuse.com\/index.php\/ton-cadeau\/","name":"Ton cadeau - Intelligente&Audacieuse","isPartOf":{"@id":"https:\/\/intelligenteetaudacieuse.com\/#website"},"primaryImageOfPage":{"@id":"https:\/\/intelligenteetaudacieuse.com\/index.php\/ton-cadeau\/#primaryimage"},"image":{"@id":"https:\/\/intelligenteetaudacieuse.com\/index.php\/ton-cadeau\/#primaryimage"},"thumbnailUrl":"https:\/\/intelligenteetaudacieuse.com\/wp-content\/uploads\/2023\/12\/Design_sans_titre-3-removebg-preview-3.png","datePublished":"2023-12-11T15:01:32+00:00","dateModified":"2024-01-23T07:29:12+00:00","description":"Re\u00e7ois ton cadeau gratuitement ! Intelligente&Audacieuse te propose un e-book et une check-list afin de cerner si tu es bien entour\u00e9(e) !","breadcrumb":{"@id":"https:\/\/intelligenteetaudacieuse.com\/index.php\/ton-cadeau\/#breadcrumb"},"inLanguage":"en-US","potentialAction":[{"@type":"ReadAction","target":["https:\/\/intelligenteetaudacieuse.com\/index.php\/ton-cadeau\/"]}]},{"@type":"ImageObject","inLanguage":"en-US","@id":"https:\/\/intelligenteetaudacieuse.com\/index.php\/ton-cadeau\/#primaryimage","url":"https:\/\/intelligenteetaudacieuse.com\/wp-content\/uploads\/2023\/12\/Design_sans_titre-3-removebg-preview-3.png","contentUrl":"https:\/\/intelligenteetaudacieuse.com\/wp-content\/uploads\/2023\/12\/Design_sans_titre-3-removebg-preview-3.png","width":666,"height":375},{"@type":"BreadcrumbList","@id":"https:\/\/intelligenteetaudacieuse.com\/index.php\/ton-cadeau\/#breadcrumb","itemListElement":[{"@type":"ListItem","position":1,"name":"Accueil","item":"https:\/\/intelligenteetaudacieuse.com\/"},{"@type":"ListItem","position":2,"name":"Ton cadeau"}]},{"@type":"WebSite","@id":"https:\/\/intelligenteetaudacieuse.com\/#website","url":"https:\/\/intelligenteetaudacieuse.com\/","name":"Intelligente&Audacieuse","description":"Conseils, Recommandations et Confort","publisher":{"@id":"https:\/\/intelligenteetaudacieuse.com\/#organization"},"potentialAction":[{"@type":"SearchAction","target":{"@type":"EntryPoint","urlTemplate":"https:\/\/intelligenteetaudacieuse.com\/?s={search_term_string}"},"query-input":{"@type":"PropertyValueSpecification","valueRequired":true,"valueName":"search_term_string"}}],"inLanguage":"en-US"},{"@type":"Organization","@id":"https:\/\/intelligenteetaudacieuse.com\/#organization","name":"Intelligente&Audacieuse","url":"https:\/\/intelligenteetaudacieuse.com\/","logo":{"@type":"ImageObject","inLanguage":"en-US","@id":"https:\/\/intelligenteetaudacieuse.com\/#\/schema\/logo\/image\/","url":"https:\/\/intelligenteetaudacieuse.com\/wp-content\/uploads\/2023\/11\/cropped-cropped-Ambitieuse_copie_2-removebg-preview.png","contentUrl":"https:\/\/intelligenteetaudacieuse.com\/wp-content\/uploads\/2023\/11\/cropped-cropped-Ambitieuse_copie_2-removebg-preview.png","width":434,"height":192,"caption":"Intelligente&Audacieuse"},"image":{"@id":"https:\/\/intelligenteetaudacieuse.com\/#\/schema\/logo\/image\/"},"sameAs":["https:\/\/www.facebook.com\/profile.php?id=61553709681320","https:\/\/www.pinterest.fr58f9fa0dec6fd0fdad06858f2db4ea57","https:\/\/www.instagram.com\/intelligenteetaudacieuse\/","https:\/\/www.linkedin.com\/company\/86211223\/admin\/feed\/posts\/?feedType=following","https:\/\/www.youtube.com\/channel\/UC4vJC9O5Wzdc9y-HdHQJN2g"]}]}},"_links":{"self":[{"href":"https:\/\/intelligenteetaudacieuse.com\/index.php\/wp-json\/wp\/v2\/pages\/1805","targetHints":{"allow":["GET"]}}],"collection":[{"href":"https:\/\/intelligenteetaudacieuse.com\/index.php\/wp-json\/wp\/v2\/pages"}],"about":[{"href":"https:\/\/intelligenteetaudacieuse.com\/index.php\/wp-json\/wp\/v2\/types\/page"}],"author":[{"embeddable":true,"href":"https:\/\/intelligenteetaudacieuse.com\/index.php\/wp-json\/wp\/v2\/users\/1"}],"replies":[{"embeddable":true,"href":"https:\/\/intelligenteetaudacieuse.com\/index.php\/wp-json\/wp\/v2\/comments?post=1805"}],"version-history":[{"count":11,"href":"https:\/\/intelligenteetaudacieuse.com\/index.php\/wp-json\/wp\/v2\/pages\/1805\/revisions"}],"predecessor-version":[{"id":1820,"href":"https:\/\/intelligenteetaudacieuse.com\/index.php\/wp-json\/wp\/v2\/pages\/1805\/revisions\/1820"}],"wp:attachment":[{"href":"https:\/\/intelligenteetaudacieuse.com\/index.php\/wp-json\/wp\/v2\/media?parent=1805"}],"curies":[{"name":"wp","href":"https:\/\/api.w.org\/{rel}","templated":true}]}}