{"id":1824,"date":"2023-12-11T16:53:06","date_gmt":"2023-12-11T15:53:06","guid":{"rendered":"https:\/\/intelligenteetaudacieuse.com\/?page_id=1824"},"modified":"2024-01-24T09:47:20","modified_gmt":"2024-01-24T08:47:20","slug":"travailler-a-domicile","status":"publish","type":"page","link":"https:\/\/intelligenteetaudacieuse.com\/index.php\/travailler-a-domicile\/","title":{"rendered":"TRAVAILLER \u00c0 DOMICILE"},"content":{"rendered":"\t\t<div data-elementor-type=\"wp-page\" data-elementor-id=\"1824\" class=\"elementor elementor-1824\">\n\t\t\t\t<div class=\"elementor-element elementor-element-2b4173c e-flex e-con-boxed e-con e-parent\" data-id=\"2b4173c\" data-element_type=\"container\" data-e-type=\"container\">\n\t\t\t\t\t<div class=\"e-con-inner\">\n\t\t\t\t<div class=\"elementor-element elementor-element-8f377c9 elementor-widget elementor-widget-heading\" data-id=\"8f377c9\" data-element_type=\"widget\" data-e-type=\"widget\" data-widget_type=\"heading.default\">\n\t\t\t\t<div class=\"elementor-widget-container\">\n\t\t\t\t\t<h2 class=\"elementor-heading-title elementor-size-default\">TRAVAILLER \u00c0 DOMICILE<\/h2>\t\t\t\t<\/div>\n\t\t\t\t<\/div>\n\t\t\t\t\t<\/div>\n\t\t\t\t<\/div>\n\t\t<div class=\"elementor-element elementor-element-c9faa21 e-flex e-con-boxed e-con e-parent\" data-id=\"c9faa21\" data-element_type=\"container\" data-e-type=\"container\">\n\t\t\t\t\t<div class=\"e-con-inner\">\n\t\t<div class=\"elementor-element elementor-element-8b51080 e-con-full e-flex e-con e-child\" data-id=\"8b51080\" data-element_type=\"container\" data-e-type=\"container\">\n\t\t\t\t<div class=\"elementor-element elementor-element-0b63f83 elementor-widget elementor-widget-image\" data-id=\"0b63f83\" data-element_type=\"widget\" data-e-type=\"widget\" data-widget_type=\"image.default\">\n\t\t\t\t<div class=\"elementor-widget-container\">\n\t\t\t\t\t\t\t\t\t\t\t\t\t\t\t\t<a href=\"https:\/\/intelligenteetaudacieuse.com\/index.php\/2023\/12\/13\/comment-devenir-graphiste-sans-diplome\/\">\n\t\t\t\t\t\t\t<img fetchpriority=\"high\" decoding=\"async\" width=\"1000\" height=\"450\" src=\"https:\/\/intelligenteetaudacieuse.com\/wp-content\/uploads\/2023\/10\/Comment-Travailler-Sa-Memoire-5-Techniques-Efficaces\u200b-1.png\" class=\"attachment-large size-large wp-image-2005\" alt=\"\" srcset=\"https:\/\/intelligenteetaudacieuse.com\/wp-content\/uploads\/2023\/10\/Comment-Travailler-Sa-Memoire-5-Techniques-Efficaces\u200b-1.png 1000w, https:\/\/intelligenteetaudacieuse.com\/wp-content\/uploads\/2023\/10\/Comment-Travailler-Sa-Memoire-5-Techniques-Efficaces\u200b-1-300x135.png 300w, https:\/\/intelligenteetaudacieuse.com\/wp-content\/uploads\/2023\/10\/Comment-Travailler-Sa-Memoire-5-Techniques-Efficaces\u200b-1-768x346.png 768w\" sizes=\"(max-width: 1000px) 100vw, 1000px\" \/>\t\t\t\t\t\t\t\t<\/a>\n\t\t\t\t\t\t\t\t\t\t\t\t\t\t\t<\/div>\n\t\t\t\t<\/div>\n\t\t\t\t<div class=\"elementor-element elementor-element-d3e0355 elementor-widget elementor-widget-heading\" data-id=\"d3e0355\" data-element_type=\"widget\" data-e-type=\"widget\" data-widget_type=\"heading.default\">\n\t\t\t\t<div class=\"elementor-widget-container\">\n\t\t\t\t\t<h2 class=\"elementor-heading-title elementor-size-default\">TRAVAILLER \u00c0 DOMICILE<\/h2>\t\t\t\t<\/div>\n\t\t\t\t<\/div>\n\t\t\t\t<div class=\"elementor-element elementor-element-e604bc0 elementor-widget elementor-widget-heading\" data-id=\"e604bc0\" data-element_type=\"widget\" data-e-type=\"widget\" data-widget_type=\"heading.default\">\n\t\t\t\t<div class=\"elementor-widget-container\">\n\t\t\t\t\t<h2 class=\"elementor-heading-title elementor-size-default\"><a href=\"https:\/\/intelligenteetaudacieuse.com\/index.php\/2023\/12\/13\/comment-devenir-graphiste-sans-diplome\/\">DEVENIR GRAPHISTE SANS DIPL\u00d4ME<\/a><\/h2>\t\t\t\t<\/div>\n\t\t\t\t<\/div>\n\t\t\t\t<div class=\"elementor-element elementor-element-06189fc elementor-widget-divider--view-line elementor-widget elementor-widget-divider\" data-id=\"06189fc\" data-element_type=\"widget\" data-e-type=\"widget\" data-widget_type=\"divider.default\">\n\t\t\t\t<div class=\"elementor-widget-container\">\n\t\t\t\t\t\t\t<div class=\"elementor-divider\">\n\t\t\t<span class=\"elementor-divider-separator\">\n\t\t\t\t\t\t<\/span>\n\t\t<\/div>\n\t\t\t\t\t\t<\/div>\n\t\t\t\t<\/div>\n\t\t\t\t<div class=\"elementor-element elementor-element-6dc6616 elementor-widget elementor-widget-text-editor\" data-id=\"6dc6616\" data-element_type=\"widget\" data-e-type=\"widget\" data-widget_type=\"text-editor.default\">\n\t\t\t\t<div class=\"elementor-widget-container\">\n\t\t\t\t\t\t\t\t\t<p>Lorsqu\u2019on d\u00e9bute en tant que blogueuse, le graphisme est essentiel. D\u00e9couvre ce m\u00e9tier en pleine essor abordable depuis chez toi.<\/p>\t\t\t\t\t\t\t\t<\/div>\n\t\t\t\t<\/div>\n\t\t\t\t<div class=\"elementor-element elementor-element-81d02c9 elementor-widget elementor-widget-heading\" data-id=\"81d02c9\" data-element_type=\"widget\" data-e-type=\"widget\" data-widget_type=\"heading.default\">\n\t\t\t\t<div class=\"elementor-widget-container\">\n\t\t\t\t\t<h2 class=\"elementor-heading-title elementor-size-default\"><a href=\"https:\/\/intelligenteetaudacieuse.com\/index.php\/2023\/12\/13\/comment-devenir-graphiste-sans-diplome\/\">LIRE LA SUITE<\/a><\/h2>\t\t\t\t<\/div>\n\t\t\t\t<\/div>\n\t\t\t\t<\/div>\n\t\t<div class=\"elementor-element elementor-element-6bf740f e-con-full e-flex e-con e-child\" data-id=\"6bf740f\" data-element_type=\"container\" data-e-type=\"container\">\n\t\t\t\t<\/div>\n\t\t<div class=\"elementor-element elementor-element-e4d70b1 e-con-full e-flex e-con e-child\" data-id=\"e4d70b1\" data-element_type=\"container\" data-e-type=\"container\">\n\t\t\t\t<\/div>\n\t\t\t\t\t<\/div>\n\t\t\t\t<\/div>\n\t\t<div class=\"elementor-element elementor-element-9c9fd3f e-flex e-con-boxed e-con e-parent\" data-id=\"9c9fd3f\" data-element_type=\"container\" data-e-type=\"container\">\n\t\t\t\t\t<div class=\"e-con-inner\">\n\t\t<div class=\"elementor-element elementor-element-b3909d6 e-flex e-con-boxed e-con e-child\" data-id=\"b3909d6\" data-element_type=\"container\" data-e-type=\"container\">\n\t\t\t\t\t<div class=\"e-con-inner\">\n\t\t\t\t<div class=\"elementor-element elementor-element-f1b5bbd elementor-widget elementor-widget-spacer\" data-id=\"f1b5bbd\" data-element_type=\"widget\" data-e-type=\"widget\" data-widget_type=\"spacer.default\">\n\t\t\t\t<div class=\"elementor-widget-container\">\n\t\t\t\t\t\t\t<div class=\"elementor-spacer\">\n\t\t\t<div class=\"elementor-spacer-inner\"><\/div>\n\t\t<\/div>\n\t\t\t\t\t\t<\/div>\n\t\t\t\t<\/div>\n\t\t<div class=\"elementor-element elementor-element-b6046d0 e-flex e-con-boxed e-con e-child\" data-id=\"b6046d0\" data-element_type=\"container\" data-e-type=\"container\" data-settings=\"{&quot;background_background&quot;:&quot;classic&quot;}\">\n\t\t\t\t\t<div class=\"e-con-inner\">\n\t\t<div class=\"elementor-element elementor-element-f7c638a e-con-full e-flex e-con e-child\" data-id=\"f7c638a\" data-element_type=\"container\" data-e-type=\"container\">\n\t\t\t\t<div class=\"elementor-element elementor-element-536fff7 elementor-widget elementor-widget-spacer\" data-id=\"536fff7\" data-element_type=\"widget\" data-e-type=\"widget\" data-widget_type=\"spacer.default\">\n\t\t\t\t<div class=\"elementor-widget-container\">\n\t\t\t\t\t\t\t<div class=\"elementor-spacer\">\n\t\t\t<div class=\"elementor-spacer-inner\"><\/div>\n\t\t<\/div>\n\t\t\t\t\t\t<\/div>\n\t\t\t\t<\/div>\n\t\t\t\t<div class=\"elementor-element elementor-element-1eb748b elementor-widget elementor-widget-heading\" data-id=\"1eb748b\" data-element_type=\"widget\" data-e-type=\"widget\" data-widget_type=\"heading.default\">\n\t\t\t\t<div class=\"elementor-widget-container\">\n\t\t\t\t\t<h2 class=\"elementor-heading-title elementor-size-default\">RECEVOIR MON E-BOOK GRATUIT<\/h2>\t\t\t\t<\/div>\n\t\t\t\t<\/div>\n\t\t\t\t<div class=\"elementor-element elementor-element-104d059 elementor-widget elementor-widget-image\" data-id=\"104d059\" data-element_type=\"widget\" data-e-type=\"widget\" data-widget_type=\"image.default\">\n\t\t\t\t<div class=\"elementor-widget-container\">\n\t\t\t\t\t\t\t\t\t\t\t\t\t\t\t<img decoding=\"async\" width=\"666\" height=\"375\" src=\"https:\/\/intelligenteetaudacieuse.com\/wp-content\/uploads\/2023\/12\/Design_sans_titre-3-removebg-preview-3.png\" class=\"attachment-large size-large wp-image-1584\" alt=\"\" srcset=\"https:\/\/intelligenteetaudacieuse.com\/wp-content\/uploads\/2023\/12\/Design_sans_titre-3-removebg-preview-3.png 666w, https:\/\/intelligenteetaudacieuse.com\/wp-content\/uploads\/2023\/12\/Design_sans_titre-3-removebg-preview-3-300x169.png 300w\" sizes=\"(max-width: 666px) 100vw, 666px\" \/>\t\t\t\t\t\t\t\t\t\t\t\t\t\t\t<\/div>\n\t\t\t\t<\/div>\n\t\t\t\t<\/div>\n\t\t<div class=\"elementor-element elementor-element-ebe60db e-con-full e-flex e-con e-child\" data-id=\"ebe60db\" data-element_type=\"container\" data-e-type=\"container\">\n\t\t<div class=\"elementor-element elementor-element-106f76f e-flex e-con-boxed e-con e-child\" data-id=\"106f76f\" data-element_type=\"container\" data-e-type=\"container\">\n\t\t\t\t\t<div class=\"e-con-inner\">\n\t\t\t\t<div class=\"elementor-element elementor-element-e60eddc elementor-widget elementor-widget-spacer\" data-id=\"e60eddc\" data-element_type=\"widget\" data-e-type=\"widget\" data-widget_type=\"spacer.default\">\n\t\t\t\t<div class=\"elementor-widget-container\">\n\t\t\t\t\t\t\t<div class=\"elementor-spacer\">\n\t\t\t<div class=\"elementor-spacer-inner\"><\/div>\n\t\t<\/div>\n\t\t\t\t\t\t<\/div>\n\t\t\t\t<\/div>\n\t\t\t\t<div class=\"elementor-element elementor-element-b82d680 elementor-widget elementor-widget-heading\" data-id=\"b82d680\" data-element_type=\"widget\" data-e-type=\"widget\" data-widget_type=\"heading.default\">\n\t\t\t\t<div class=\"elementor-widget-container\">\n\t\t\t\t\t<h2 class=\"elementor-heading-title elementor-size-default\">TON E-BOOK &amp; <br>\n<b>TA CHECK-LIST<\/b><\/h2>\t\t\t\t<\/div>\n\t\t\t\t<\/div>\n\t\t\t\t<div class=\"elementor-element elementor-element-3a15ae8 elementor-widget elementor-widget-heading\" data-id=\"3a15ae8\" data-element_type=\"widget\" data-e-type=\"widget\" data-widget_type=\"heading.default\">\n\t\t\t\t<div class=\"elementor-widget-container\">\n\t\t\t\t\t<h2 class=\"elementor-heading-title elementor-size-default\">Avec cet e-book, tu auras un d\u00e9tail des 7 types de conseils qui quadrillent notre quotidien et une pr\u00e9cieuse check-list de crit\u00e8res. Cela pourra te permettre de d\u00e9blayer une partie des questions que tu te poses afin d'arriver \u00e0 \u00e9largir ta bulle d'\u00e9veil personnel. \ud83e\udee7\u2728<\/h2>\t\t\t\t<\/div>\n\t\t\t\t<\/div>\n\t\t\t\t\t<\/div>\n\t\t\t\t<\/div>\n\t\t<div class=\"elementor-element elementor-element-8a14c5c e-flex e-con-boxed e-con e-child\" data-id=\"8a14c5c\" data-element_type=\"container\" data-e-type=\"container\">\n\t\t\t\t\t<div class=\"e-con-inner\">\n\t\t\t\t<div class=\"elementor-element elementor-element-13bcd73 elementor-widget elementor-widget-html\" data-id=\"13bcd73\" data-element_type=\"widget\" data-e-type=\"widget\" data-widget_type=\"html.default\">\n\t\t\t\t<div class=\"elementor-widget-container\">\n\t\t\t\t\t<script id=\"form-script-tag-8355085\" src=\"https:\/\/fatimazahramouradi.systeme.io\/public\/remote\/page\/12863641deb112b185d423550ab0f6d560a38604.js\"><\/script>\t\t\t\t<\/div>\n\t\t\t\t<\/div>\n\t\t\t\t\t<\/div>\n\t\t\t\t<\/div>\n\t\t\t\t<\/div>\n\t\t\t\t\t<\/div>\n\t\t\t\t<\/div>\n\t\t\t\t\t<\/div>\n\t\t\t\t<\/div>\n\t\t\t\t\t<\/div>\n\t\t\t\t<\/div>\n\t\t\t\t<\/div>\n\t\t<p><a href=\"\/\/www.pinterest.com\/pin\/create\/button\/\" data-pin-do=\"buttonBookmark\" data-pin-color=\"red\" data-pin-height=\"128\"><img decoding=\"async\" src=\"\/\/assets.pinterest.com\/images\/pidgets\/pinit_fg_en_rect_red_28.png\" \/><\/a><\/p>","protected":false},"excerpt":{"rendered":"<p>TRAVAILLER \u00c0 DOMICILE TRAVAILLER \u00c0 DOMICILE DEVENIR GRAPHISTE SANS DIPL\u00d4ME Lorsqu\u2019on d\u00e9bute en tant que blogueuse, le graphisme est essentiel. D\u00e9couvre ce m\u00e9tier en pleine essor abordable depuis chez toi. LIRE LA SUITE RECEVOIR MON E-BOOK GRATUIT TON E-BOOK &amp; TA CHECK-LIST Avec cet e-book, tu auras un d\u00e9tail des 7 types de conseils qui [&hellip;]<\/p>\n","protected":false},"author":1,"featured_media":0,"parent":0,"menu_order":0,"comment_status":"closed","ping_status":"closed","template":"","meta":{"ocean_post_layout":"","ocean_both_sidebars_style":"","ocean_both_sidebars_content_width":0,"ocean_both_sidebars_sidebars_width":0,"ocean_sidebar":"","ocean_second_sidebar":"","ocean_disable_margins":"enable","ocean_add_body_class":"","ocean_shortcode_before_top_bar":"","ocean_shortcode_after_top_bar":"","ocean_shortcode_before_header":"","ocean_shortcode_after_header":"","ocean_has_shortcode":"","ocean_shortcode_after_title":"","ocean_shortcode_before_footer_widgets":"","ocean_shortcode_after_footer_widgets":"","ocean_shortcode_before_footer_bottom":"","ocean_shortcode_after_footer_bottom":"","ocean_display_top_bar":"default","ocean_display_header":"default","ocean_header_style":"","ocean_center_header_left_menu":"","ocean_custom_header_template":"","ocean_custom_logo":0,"ocean_custom_retina_logo":0,"ocean_custom_logo_max_width":0,"ocean_custom_logo_tablet_max_width":0,"ocean_custom_logo_mobile_max_width":0,"ocean_custom_logo_max_height":0,"ocean_custom_logo_tablet_max_height":0,"ocean_custom_logo_mobile_max_height":0,"ocean_header_custom_menu":"","ocean_menu_typo_font_family":"","ocean_menu_typo_font_subset":"","ocean_menu_typo_font_size":0,"ocean_menu_typo_font_size_tablet":0,"ocean_menu_typo_font_size_mobile":0,"ocean_menu_typo_font_size_unit":"px","ocean_menu_typo_font_weight":"","ocean_menu_typo_font_weight_tablet":"","ocean_menu_typo_font_weight_mobile":"","ocean_menu_typo_transform":"","ocean_menu_typo_transform_tablet":"","ocean_menu_typo_transform_mobile":"","ocean_menu_typo_line_height":0,"ocean_menu_typo_line_height_tablet":0,"ocean_menu_typo_line_height_mobile":0,"ocean_menu_typo_line_height_unit":"","ocean_menu_typo_spacing":0,"ocean_menu_typo_spacing_tablet":0,"ocean_menu_typo_spacing_mobile":0,"ocean_menu_typo_spacing_unit":"","ocean_menu_link_color":"","ocean_menu_link_color_hover":"","ocean_menu_link_color_active":"","ocean_menu_link_background":"","ocean_menu_link_hover_background":"","ocean_menu_link_active_background":"","ocean_menu_social_links_bg":"","ocean_menu_social_hover_links_bg":"","ocean_menu_social_links_color":"","ocean_menu_social_hover_links_color":"","ocean_disable_title":"default","ocean_disable_heading":"default","ocean_post_title":"","ocean_post_subheading":"","ocean_post_title_style":"","ocean_post_title_background_color":"","ocean_post_title_background":0,"ocean_post_title_bg_image_position":"","ocean_post_title_bg_image_attachment":"","ocean_post_title_bg_image_repeat":"","ocean_post_title_bg_image_size":"","ocean_post_title_height":0,"ocean_post_title_bg_overlay":0.5,"ocean_post_title_bg_overlay_color":"","ocean_disable_breadcrumbs":"default","ocean_breadcrumbs_color":"","ocean_breadcrumbs_separator_color":"","ocean_breadcrumbs_links_color":"","ocean_breadcrumbs_links_hover_color":"","ocean_display_footer_widgets":"default","ocean_display_footer_bottom":"default","ocean_custom_footer_template":"","footnotes":""},"class_list":["post-1824","page","type-page","status-publish","hentry","entry"],"yoast_head":"<!-- This site is optimized with the Yoast SEO plugin v27.5 - https:\/\/yoast.com\/product\/yoast-seo-wordpress\/ -->\n<title>Travailler \u00e0 domicile - Intelligente&amp;Audacieuse<\/title>\n<meta name=\"description\" content=\"D\u00e9couvre l&#039;onglet Travailler \u00e0 Domicile qui r\u00e9f\u00e9rence les m\u00e9tiers que tu peux exercer de chez toi et qui te permettront de r\u00e9pondre \u00e0 tes aspirations. \ud83e\udee7\" \/>\n<meta name=\"robots\" content=\"index, follow, max-snippet:-1, max-image-preview:large, max-video-preview:-1\" \/>\n<link rel=\"canonical\" href=\"https:\/\/intelligenteetaudacieuse.com\/index.php\/travailler-a-domicile\/\" \/>\n<meta property=\"og:locale\" content=\"en_US\" \/>\n<meta property=\"og:type\" content=\"article\" \/>\n<meta property=\"og:title\" content=\"Travailler \u00e0 domicile - Intelligente&amp;Audacieuse\" \/>\n<meta property=\"og:description\" content=\"D\u00e9couvre l&#039;onglet Travailler \u00e0 Domicile qui r\u00e9f\u00e9rence les m\u00e9tiers que tu peux exercer de chez toi et qui te permettront de r\u00e9pondre \u00e0 tes aspirations. \ud83e\udee7\" \/>\n<meta property=\"og:url\" content=\"https:\/\/intelligenteetaudacieuse.com\/index.php\/travailler-a-domicile\/\" \/>\n<meta property=\"og:site_name\" content=\"Intelligente&amp;Audacieuse\" \/>\n<meta property=\"article:publisher\" content=\"https:\/\/www.facebook.com\/profile.php?id=61553709681320\" \/>\n<meta property=\"article:modified_time\" content=\"2024-01-24T08:47:20+00:00\" \/>\n<meta property=\"og:image\" content=\"https:\/\/intelligenteetaudacieuse.com\/wp-content\/uploads\/2023\/12\/Design_sans_titre-3-removebg-preview-3.png\" \/>\n<meta name=\"twitter:card\" content=\"summary_large_image\" \/>\n<meta name=\"twitter:label1\" content=\"Est. reading time\" \/>\n\t<meta name=\"twitter:data1\" content=\"1 minute\" \/>\n<script type=\"application\/ld+json\" class=\"yoast-schema-graph\">{\"@context\":\"https:\\\/\\\/schema.org\",\"@graph\":[{\"@type\":\"WebPage\",\"@id\":\"https:\\\/\\\/intelligenteetaudacieuse.com\\\/index.php\\\/travailler-a-domicile\\\/\",\"url\":\"https:\\\/\\\/intelligenteetaudacieuse.com\\\/index.php\\\/travailler-a-domicile\\\/\",\"name\":\"Travailler \u00e0 domicile - Intelligente&amp;Audacieuse\",\"isPartOf\":{\"@id\":\"https:\\\/\\\/intelligenteetaudacieuse.com\\\/#website\"},\"primaryImageOfPage\":{\"@id\":\"https:\\\/\\\/intelligenteetaudacieuse.com\\\/index.php\\\/travailler-a-domicile\\\/#primaryimage\"},\"image\":{\"@id\":\"https:\\\/\\\/intelligenteetaudacieuse.com\\\/index.php\\\/travailler-a-domicile\\\/#primaryimage\"},\"thumbnailUrl\":\"https:\\\/\\\/intelligenteetaudacieuse.com\\\/wp-content\\\/uploads\\\/2023\\\/12\\\/Design_sans_titre-3-removebg-preview-3.png\",\"datePublished\":\"2023-12-11T15:53:06+00:00\",\"dateModified\":\"2024-01-24T08:47:20+00:00\",\"description\":\"D\u00e9couvre l'onglet Travailler \u00e0 Domicile qui r\u00e9f\u00e9rence les m\u00e9tiers que tu peux exercer de chez toi et qui te permettront de r\u00e9pondre \u00e0 tes aspirations. \ud83e\udee7\",\"breadcrumb\":{\"@id\":\"https:\\\/\\\/intelligenteetaudacieuse.com\\\/index.php\\\/travailler-a-domicile\\\/#breadcrumb\"},\"inLanguage\":\"en-US\",\"potentialAction\":[{\"@type\":\"ReadAction\",\"target\":[\"https:\\\/\\\/intelligenteetaudacieuse.com\\\/index.php\\\/travailler-a-domicile\\\/\"]}]},{\"@type\":\"ImageObject\",\"inLanguage\":\"en-US\",\"@id\":\"https:\\\/\\\/intelligenteetaudacieuse.com\\\/index.php\\\/travailler-a-domicile\\\/#primaryimage\",\"url\":\"https:\\\/\\\/intelligenteetaudacieuse.com\\\/wp-content\\\/uploads\\\/2023\\\/12\\\/Design_sans_titre-3-removebg-preview-3.png\",\"contentUrl\":\"https:\\\/\\\/intelligenteetaudacieuse.com\\\/wp-content\\\/uploads\\\/2023\\\/12\\\/Design_sans_titre-3-removebg-preview-3.png\",\"width\":666,\"height\":375},{\"@type\":\"BreadcrumbList\",\"@id\":\"https:\\\/\\\/intelligenteetaudacieuse.com\\\/index.php\\\/travailler-a-domicile\\\/#breadcrumb\",\"itemListElement\":[{\"@type\":\"ListItem\",\"position\":1,\"name\":\"Accueil\",\"item\":\"https:\\\/\\\/intelligenteetaudacieuse.com\\\/\"},{\"@type\":\"ListItem\",\"position\":2,\"name\":\"TRAVAILLER \u00c0 DOMICILE\"}]},{\"@type\":\"WebSite\",\"@id\":\"https:\\\/\\\/intelligenteetaudacieuse.com\\\/#website\",\"url\":\"https:\\\/\\\/intelligenteetaudacieuse.com\\\/\",\"name\":\"Intelligente&Audacieuse\",\"description\":\"Conseils, Recommandations et Confort\",\"publisher\":{\"@id\":\"https:\\\/\\\/intelligenteetaudacieuse.com\\\/#organization\"},\"potentialAction\":[{\"@type\":\"SearchAction\",\"target\":{\"@type\":\"EntryPoint\",\"urlTemplate\":\"https:\\\/\\\/intelligenteetaudacieuse.com\\\/?s={search_term_string}\"},\"query-input\":{\"@type\":\"PropertyValueSpecification\",\"valueRequired\":true,\"valueName\":\"search_term_string\"}}],\"inLanguage\":\"en-US\"},{\"@type\":\"Organization\",\"@id\":\"https:\\\/\\\/intelligenteetaudacieuse.com\\\/#organization\",\"name\":\"Intelligente&Audacieuse\",\"url\":\"https:\\\/\\\/intelligenteetaudacieuse.com\\\/\",\"logo\":{\"@type\":\"ImageObject\",\"inLanguage\":\"en-US\",\"@id\":\"https:\\\/\\\/intelligenteetaudacieuse.com\\\/#\\\/schema\\\/logo\\\/image\\\/\",\"url\":\"https:\\\/\\\/intelligenteetaudacieuse.com\\\/wp-content\\\/uploads\\\/2023\\\/11\\\/cropped-cropped-Ambitieuse_copie_2-removebg-preview.png\",\"contentUrl\":\"https:\\\/\\\/intelligenteetaudacieuse.com\\\/wp-content\\\/uploads\\\/2023\\\/11\\\/cropped-cropped-Ambitieuse_copie_2-removebg-preview.png\",\"width\":434,\"height\":192,\"caption\":\"Intelligente&Audacieuse\"},\"image\":{\"@id\":\"https:\\\/\\\/intelligenteetaudacieuse.com\\\/#\\\/schema\\\/logo\\\/image\\\/\"},\"sameAs\":[\"https:\\\/\\\/www.facebook.com\\\/profile.php?id=61553709681320\",\"https:\\\/\\\/www.pinterest.fr58f9fa0dec6fd0fdad06858f2db4ea57\",\"https:\\\/\\\/www.instagram.com\\\/intelligenteetaudacieuse\\\/\",\"https:\\\/\\\/www.linkedin.com\\\/company\\\/86211223\\\/admin\\\/feed\\\/posts\\\/?feedType=following\",\"https:\\\/\\\/www.youtube.com\\\/channel\\\/UC4vJC9O5Wzdc9y-HdHQJN2g\"]}]}<\/script>\n<!-- \/ Yoast SEO plugin. -->","yoast_head_json":{"title":"Travailler \u00e0 domicile - Intelligente&amp;Audacieuse","description":"D\u00e9couvre l'onglet Travailler \u00e0 Domicile qui r\u00e9f\u00e9rence les m\u00e9tiers que tu peux exercer de chez toi et qui te permettront de r\u00e9pondre \u00e0 tes aspirations. \ud83e\udee7","robots":{"index":"index","follow":"follow","max-snippet":"max-snippet:-1","max-image-preview":"max-image-preview:large","max-video-preview":"max-video-preview:-1"},"canonical":"https:\/\/intelligenteetaudacieuse.com\/index.php\/travailler-a-domicile\/","og_locale":"en_US","og_type":"article","og_title":"Travailler \u00e0 domicile - Intelligente&amp;Audacieuse","og_description":"D\u00e9couvre l'onglet Travailler \u00e0 Domicile qui r\u00e9f\u00e9rence les m\u00e9tiers que tu peux exercer de chez toi et qui te permettront de r\u00e9pondre \u00e0 tes aspirations. \ud83e\udee7","og_url":"https:\/\/intelligenteetaudacieuse.com\/index.php\/travailler-a-domicile\/","og_site_name":"Intelligente&amp;Audacieuse","article_publisher":"https:\/\/www.facebook.com\/profile.php?id=61553709681320","article_modified_time":"2024-01-24T08:47:20+00:00","og_image":[{"url":"https:\/\/intelligenteetaudacieuse.com\/wp-content\/uploads\/2023\/12\/Design_sans_titre-3-removebg-preview-3.png","type":"","width":"","height":""}],"twitter_card":"summary_large_image","twitter_misc":{"Est. reading time":"1 minute"},"schema":{"@context":"https:\/\/schema.org","@graph":[{"@type":"WebPage","@id":"https:\/\/intelligenteetaudacieuse.com\/index.php\/travailler-a-domicile\/","url":"https:\/\/intelligenteetaudacieuse.com\/index.php\/travailler-a-domicile\/","name":"Travailler \u00e0 domicile - Intelligente&amp;Audacieuse","isPartOf":{"@id":"https:\/\/intelligenteetaudacieuse.com\/#website"},"primaryImageOfPage":{"@id":"https:\/\/intelligenteetaudacieuse.com\/index.php\/travailler-a-domicile\/#primaryimage"},"image":{"@id":"https:\/\/intelligenteetaudacieuse.com\/index.php\/travailler-a-domicile\/#primaryimage"},"thumbnailUrl":"https:\/\/intelligenteetaudacieuse.com\/wp-content\/uploads\/2023\/12\/Design_sans_titre-3-removebg-preview-3.png","datePublished":"2023-12-11T15:53:06+00:00","dateModified":"2024-01-24T08:47:20+00:00","description":"D\u00e9couvre l'onglet Travailler \u00e0 Domicile qui r\u00e9f\u00e9rence les m\u00e9tiers que tu peux exercer de chez toi et qui te permettront de r\u00e9pondre \u00e0 tes aspirations. \ud83e\udee7","breadcrumb":{"@id":"https:\/\/intelligenteetaudacieuse.com\/index.php\/travailler-a-domicile\/#breadcrumb"},"inLanguage":"en-US","potentialAction":[{"@type":"ReadAction","target":["https:\/\/intelligenteetaudacieuse.com\/index.php\/travailler-a-domicile\/"]}]},{"@type":"ImageObject","inLanguage":"en-US","@id":"https:\/\/intelligenteetaudacieuse.com\/index.php\/travailler-a-domicile\/#primaryimage","url":"https:\/\/intelligenteetaudacieuse.com\/wp-content\/uploads\/2023\/12\/Design_sans_titre-3-removebg-preview-3.png","contentUrl":"https:\/\/intelligenteetaudacieuse.com\/wp-content\/uploads\/2023\/12\/Design_sans_titre-3-removebg-preview-3.png","width":666,"height":375},{"@type":"BreadcrumbList","@id":"https:\/\/intelligenteetaudacieuse.com\/index.php\/travailler-a-domicile\/#breadcrumb","itemListElement":[{"@type":"ListItem","position":1,"name":"Accueil","item":"https:\/\/intelligenteetaudacieuse.com\/"},{"@type":"ListItem","position":2,"name":"TRAVAILLER \u00c0 DOMICILE"}]},{"@type":"WebSite","@id":"https:\/\/intelligenteetaudacieuse.com\/#website","url":"https:\/\/intelligenteetaudacieuse.com\/","name":"Intelligente&Audacieuse","description":"Conseils, Recommandations et Confort","publisher":{"@id":"https:\/\/intelligenteetaudacieuse.com\/#organization"},"potentialAction":[{"@type":"SearchAction","target":{"@type":"EntryPoint","urlTemplate":"https:\/\/intelligenteetaudacieuse.com\/?s={search_term_string}"},"query-input":{"@type":"PropertyValueSpecification","valueRequired":true,"valueName":"search_term_string"}}],"inLanguage":"en-US"},{"@type":"Organization","@id":"https:\/\/intelligenteetaudacieuse.com\/#organization","name":"Intelligente&Audacieuse","url":"https:\/\/intelligenteetaudacieuse.com\/","logo":{"@type":"ImageObject","inLanguage":"en-US","@id":"https:\/\/intelligenteetaudacieuse.com\/#\/schema\/logo\/image\/","url":"https:\/\/intelligenteetaudacieuse.com\/wp-content\/uploads\/2023\/11\/cropped-cropped-Ambitieuse_copie_2-removebg-preview.png","contentUrl":"https:\/\/intelligenteetaudacieuse.com\/wp-content\/uploads\/2023\/11\/cropped-cropped-Ambitieuse_copie_2-removebg-preview.png","width":434,"height":192,"caption":"Intelligente&Audacieuse"},"image":{"@id":"https:\/\/intelligenteetaudacieuse.com\/#\/schema\/logo\/image\/"},"sameAs":["https:\/\/www.facebook.com\/profile.php?id=61553709681320","https:\/\/www.pinterest.fr58f9fa0dec6fd0fdad06858f2db4ea57","https:\/\/www.instagram.com\/intelligenteetaudacieuse\/","https:\/\/www.linkedin.com\/company\/86211223\/admin\/feed\/posts\/?feedType=following","https:\/\/www.youtube.com\/channel\/UC4vJC9O5Wzdc9y-HdHQJN2g"]}]}},"_links":{"self":[{"href":"https:\/\/intelligenteetaudacieuse.com\/index.php\/wp-json\/wp\/v2\/pages\/1824","targetHints":{"allow":["GET"]}}],"collection":[{"href":"https:\/\/intelligenteetaudacieuse.com\/index.php\/wp-json\/wp\/v2\/pages"}],"about":[{"href":"https:\/\/intelligenteetaudacieuse.com\/index.php\/wp-json\/wp\/v2\/types\/page"}],"author":[{"embeddable":true,"href":"https:\/\/intelligenteetaudacieuse.com\/index.php\/wp-json\/wp\/v2\/users\/1"}],"replies":[{"embeddable":true,"href":"https:\/\/intelligenteetaudacieuse.com\/index.php\/wp-json\/wp\/v2\/comments?post=1824"}],"version-history":[{"count":18,"href":"https:\/\/intelligenteetaudacieuse.com\/index.php\/wp-json\/wp\/v2\/pages\/1824\/revisions"}],"predecessor-version":[{"id":2203,"href":"https:\/\/intelligenteetaudacieuse.com\/index.php\/wp-json\/wp\/v2\/pages\/1824\/revisions\/2203"}],"wp:attachment":[{"href":"https:\/\/intelligenteetaudacieuse.com\/index.php\/wp-json\/wp\/v2\/media?parent=1824"}],"curies":[{"name":"wp","href":"https:\/\/api.w.org\/{rel}","templated":true}]}}