{"id":52,"date":"2023-09-26T22:05:25","date_gmt":"2023-09-26T20:05:25","guid":{"rendered":"https:\/\/intelligenteetaudacieuse.com\/?page_id=52"},"modified":"2024-01-23T09:07:43","modified_gmt":"2024-01-23T08:07:43","slug":"contact","status":"publish","type":"page","link":"https:\/\/intelligenteetaudacieuse.com\/index.php\/contact\/","title":{"rendered":"Contact"},"content":{"rendered":"\t\t<div data-elementor-type=\"wp-page\" data-elementor-id=\"52\" class=\"elementor elementor-52\">\n\t\t\t\t<div class=\"elementor-element elementor-element-a25fd75 e-flex e-con-boxed e-con e-parent\" data-id=\"a25fd75\" data-element_type=\"container\" data-e-type=\"container\">\n\t\t\t\t\t<div class=\"e-con-inner\">\n\t\t\t\t<div class=\"elementor-element elementor-element-3127514 elementor-widget elementor-widget-heading\" data-id=\"3127514\" data-element_type=\"widget\" data-e-type=\"widget\" data-widget_type=\"heading.default\">\n\t\t\t\t<div class=\"elementor-widget-container\">\n\t\t\t\t\t<h2 class=\"elementor-heading-title elementor-size-default\">\u00c0 TON \u00c9COUTE<\/h2>\t\t\t\t<\/div>\n\t\t\t\t<\/div>\n\t\t\t\t<div class=\"elementor-element elementor-element-f86dc6b elementor-widget elementor-widget-text-editor\" data-id=\"f86dc6b\" data-element_type=\"widget\" data-e-type=\"widget\" data-widget_type=\"text-editor.default\">\n\t\t\t\t<div class=\"elementor-widget-container\">\n\t\t\t\t\t\t\t\t\t<p>Tu as des questions et tu souhaites me contacter &nbsp;? Je suis l\u00e0 pour t&#8217;aider. \ud83d\udcaa\ud83c\udffc\u2728<\/p>\t\t\t\t\t\t\t\t<\/div>\n\t\t\t\t<\/div>\n\t\t\t\t\t<\/div>\n\t\t\t\t<\/div>\n\t\t<div class=\"elementor-element elementor-element-20a7876 e-flex e-con-boxed e-con e-parent\" data-id=\"20a7876\" data-element_type=\"container\" data-e-type=\"container\">\n\t\t\t\t\t<div class=\"e-con-inner\">\n\t\t\t\t<div class=\"elementor-element elementor-element-0f3f70e elementor-widget__width-initial elementor-widget-mobile__width-initial elementor-widget elementor-widget-image\" data-id=\"0f3f70e\" data-element_type=\"widget\" data-e-type=\"widget\" data-widget_type=\"image.default\">\n\t\t\t\t<div class=\"elementor-widget-container\">\n\t\t\t\t\t\t\t\t\t\t\t\t\t\t\t<img fetchpriority=\"high\" decoding=\"async\" width=\"491\" height=\"334\" src=\"https:\/\/intelligenteetaudacieuse.com\/wp-content\/uploads\/2023\/09\/Intelligente-removebg-preview-e1695827530194.png\" class=\"attachment-large size-large wp-image-111\" alt=\"\" srcset=\"https:\/\/intelligenteetaudacieuse.com\/wp-content\/uploads\/2023\/09\/Intelligente-removebg-preview-e1695827530194.png 491w, https:\/\/intelligenteetaudacieuse.com\/wp-content\/uploads\/2023\/09\/Intelligente-removebg-preview-e1695827530194-300x204.png 300w\" sizes=\"(max-width: 491px) 100vw, 491px\" \/>\t\t\t\t\t\t\t\t\t\t\t\t\t\t\t<\/div>\n\t\t\t\t<\/div>\n\t\t\t\t<div class=\"elementor-element elementor-element-3d42dcf elementor-widget__width-initial elementor-widget-mobile__width-initial elementor-widget elementor-widget-formidable\" data-id=\"3d42dcf\" data-element_type=\"widget\" data-e-type=\"widget\" data-widget_type=\"formidable.default\">\n\t\t\t\t<div class=\"elementor-widget-container\">\n\t\t\t\t\t<div class=\"frm_forms  with_frm_style frm_style_style-formidable\" id=\"frm_form_2_container\" data-token=\"5abaad88781c113e45351cac677cef13\">\n<form enctype=\"multipart\/form-data\" method=\"post\" class=\"frm-show-form \" id=\"form_contact\" data-token=\"5abaad88781c113e45351cac677cef13\">\n<div class=\"frm_form_fields \">\n<fieldset>\n<legend class=\"frm_screen_reader\">Contact<\/legend>\r\n\r\n<div class=\"frm_fields_container\">\n<input type=\"hidden\" name=\"frm_action\" value=\"create\" \/>\n<input type=\"hidden\" name=\"form_id\" value=\"2\" \/>\n<input type=\"hidden\" name=\"frm_hide_fields_2\" id=\"frm_hide_fields_2\" value=\"\" \/>\n<input type=\"hidden\" name=\"form_key\" value=\"contact\" \/>\n<input type=\"hidden\" name=\"item_meta[0]\" value=\"\" \/>\n<input type=\"hidden\" id=\"frm_submit_entry_2\" name=\"frm_submit_entry_2\" value=\"8419470c09\" \/><input type=\"hidden\" name=\"_wp_http_referer\" value=\"\/index.php\/wp-json\/wp\/v2\/pages\/52\" \/><div id=\"frm_field_6_container\" class=\"frm_form_field form-field  frm_top_container frm6 frm_first\">\r\n    <label for=\"field_uihx\" id=\"field_uihx_label\" class=\"frm_primary_label\">\r\n        <span class=\"frm_required\" aria-hidden=\"true\"><\/span>\r\n    <\/label>\r\n    <input type=\"text\" id=\"field_uihx\" name=\"item_meta[6]\" value=\"\"  placeholder=\"Pr\u00e9nom\" data-invmsg=\"texte est non valide\" aria-invalid=\"false\"  \/>\r\n    \r\n    \r\n<\/div>\n<div id=\"frm_field_8_container\" class=\"frm_form_field form-field  frm_top_container frm6\">\r\n    <label for=\"field_baozh\" id=\"field_baozh_label\" class=\"frm_primary_label\">\r\n        <span class=\"frm_required\" aria-hidden=\"true\"><\/span>\r\n    <\/label>\r\n    <input type=\"text\" id=\"field_baozh\" name=\"item_meta[8]\" value=\"\"  placeholder=\"Nom\" data-invmsg=\"texte est non valide\" aria-invalid=\"false\"  \/>\r\n    \r\n    \r\n<\/div>\n<div id=\"frm_field_9_container\" class=\"frm_form_field form-field  frm_top_container\">\r\n    <label for=\"field_up61l\" id=\"field_up61l_label\" class=\"frm_primary_label\">\r\n        <span class=\"frm_required\" aria-hidden=\"true\"><\/span>\r\n    <\/label>\r\n    <input type=\"email\" id=\"field_up61l\" name=\"item_meta[9]\" value=\"\"  placeholder=\"Email\" data-invmsg=\"Email est non valide\" aria-invalid=\"false\"  \/>\r\n    \r\n    \r\n<\/div>\n<div id=\"frm_field_11_container\" class=\"frm_form_field form-field  frm_top_container\">\r\n    <label for=\"field_wvume\" id=\"field_wvume_label\" class=\"frm_primary_label\">\r\n        <span class=\"frm_required\" aria-hidden=\"true\"><\/span>\r\n    <\/label>\r\n    <input type=\"url\" id=\"field_wvume\" name=\"item_meta[11]\" value=\"\"  placeholder=\"Site Web\/URL\" data-invmsg=\"Site Web\/URL est non valide\" aria-invalid=\"false\"  \/>\r\n    \r\n    \r\n<\/div>\n<div id=\"frm_field_10_container\" class=\"frm_form_field form-field  frm_top_container\">\r\n    <label for=\"field_470f1\" id=\"field_470f1_label\" class=\"frm_primary_label\">\r\n        <span class=\"frm_required\" aria-hidden=\"true\"><\/span>\r\n    <\/label>\r\n    <input type=\"text\" id=\"field_470f1\" name=\"item_meta[10]\" value=\"\"  placeholder=\"Message\" data-invmsg=\"texte est non valide\" aria-invalid=\"false\"  \/>\r\n    \r\n    \r\n<\/div>\n<div id=\"frm_field_20_container\" class=\"frm_form_field form-field \">\n\t<div class=\"frm_submit\">\r\n\r\n<button class=\"frm_button_submit\" type=\"submit\"  >Envoyer<\/button>\r\n\r\n\r\n<\/div>\n<\/div>\n\t<input type=\"hidden\" name=\"item_key\" value=\"\" \/>\n\t\t\t<div id=\"frm_field_21_container\">\n\t\t\t<label for=\"field_1cj5i\" >\n\t\t\t\tIf you are human, leave this field blank.\t\t\t<\/label>\n\t\t\t<input  id=\"field_1cj5i\" type=\"text\" class=\"frm_form_field form-field frm_verify\" name=\"item_meta[21]\" value=\"\"  \/>\n\t\t<\/div>\n\t\t<input name=\"frm_state\" type=\"hidden\" value=\"+ZU48m3xSNzlkRhU\/bD2G826o9xSQvL2QnPLun+dWjc=\" \/><\/div>\n<\/fieldset>\n<\/div>\n\n<\/form>\n<\/div>\n\t\t\t\t<\/div>\n\t\t\t\t<\/div>\n\t\t\t\t\t<\/div>\n\t\t\t\t<\/div>\n\t\t<div class=\"elementor-element elementor-element-c6c1316 e-flex e-con-boxed e-con e-parent\" data-id=\"c6c1316\" data-element_type=\"container\" data-e-type=\"container\">\n\t\t\t\t\t<div class=\"e-con-inner\">\n\t\t\t\t<div class=\"elementor-element elementor-element-c319e6f e-transform elementor-widget elementor-widget-text-editor\" data-id=\"c319e6f\" data-element_type=\"widget\" data-e-type=\"widget\" data-settings=\"{&quot;_transform_translateY_effect&quot;:{&quot;unit&quot;:&quot;px&quot;,&quot;size&quot;:11,&quot;sizes&quot;:[]},&quot;_transform_translateX_effect&quot;:{&quot;unit&quot;:&quot;px&quot;,&quot;size&quot;:&quot;&quot;,&quot;sizes&quot;:[]},&quot;_transform_translateX_effect_tablet&quot;:{&quot;unit&quot;:&quot;px&quot;,&quot;size&quot;:&quot;&quot;,&quot;sizes&quot;:[]},&quot;_transform_translateX_effect_mobile&quot;:{&quot;unit&quot;:&quot;px&quot;,&quot;size&quot;:&quot;&quot;,&quot;sizes&quot;:[]},&quot;_transform_translateY_effect_tablet&quot;:{&quot;unit&quot;:&quot;px&quot;,&quot;size&quot;:&quot;&quot;,&quot;sizes&quot;:[]},&quot;_transform_translateY_effect_mobile&quot;:{&quot;unit&quot;:&quot;px&quot;,&quot;size&quot;:&quot;&quot;,&quot;sizes&quot;:[]}}\" data-widget_type=\"text-editor.default\">\n\t\t\t\t<div class=\"elementor-widget-container\">\n\t\t\t\t\t\t\t\t\t<p>RETROUVE MOI \u00c9GALEMENT SUR :<\/p>\t\t\t\t\t\t\t\t<\/div>\n\t\t\t\t<\/div>\n\t\t\t\t<div class=\"elementor-element elementor-element-e6964af elementor-shape-rounded elementor-grid-0 e-grid-align-center elementor-widget elementor-widget-social-icons\" data-id=\"e6964af\" data-element_type=\"widget\" data-e-type=\"widget\" data-widget_type=\"social-icons.default\">\n\t\t\t\t<div class=\"elementor-widget-container\">\n\t\t\t\t\t\t\t<div class=\"elementor-social-icons-wrapper elementor-grid\" role=\"list\">\n\t\t\t\t\t\t\t<span class=\"elementor-grid-item\" role=\"listitem\">\n\t\t\t\t\t<a class=\"elementor-icon elementor-social-icon elementor-social-icon-instagram elementor-animation-grow elementor-repeater-item-1d6f17d\" href=\"https:\/\/www.instagram.com\/intelligenteetaudacieuse\/\" target=\"_blank\">\n\t\t\t\t\t\t<span class=\"elementor-screen-only\">Instagram<\/span>\n\t\t\t\t\t\t<i aria-hidden=\"true\" class=\"fab fa-instagram\"><\/i>\t\t\t\t\t<\/a>\n\t\t\t\t<\/span>\n\t\t\t\t\t\t\t<span class=\"elementor-grid-item\" role=\"listitem\">\n\t\t\t\t\t<a class=\"elementor-icon elementor-social-icon elementor-social-icon-facebook elementor-animation-grow elementor-repeater-item-0954e48\" href=\"https:\/\/www.facebook.com\/profile.php?id=61553709681320\" target=\"_blank\">\n\t\t\t\t\t\t<span class=\"elementor-screen-only\">Facebook<\/span>\n\t\t\t\t\t\t<i aria-hidden=\"true\" class=\"fab fa-facebook\"><\/i>\t\t\t\t\t<\/a>\n\t\t\t\t<\/span>\n\t\t\t\t\t\t\t<span class=\"elementor-grid-item\" role=\"listitem\">\n\t\t\t\t\t<a class=\"elementor-icon elementor-social-icon elementor-social-icon-youtube elementor-animation-grow elementor-repeater-item-16a3efc\" href=\"https:\/\/www.youtube.com\/channel\/UC4vJC9O5Wzdc9y-HdHQJN2g\" target=\"_blank\">\n\t\t\t\t\t\t<span class=\"elementor-screen-only\">Youtube<\/span>\n\t\t\t\t\t\t<i aria-hidden=\"true\" class=\"fab fa-youtube\"><\/i>\t\t\t\t\t<\/a>\n\t\t\t\t<\/span>\n\t\t\t\t\t\t\t<span class=\"elementor-grid-item\" role=\"listitem\">\n\t\t\t\t\t<a class=\"elementor-icon elementor-social-icon elementor-social-icon-pinterest elementor-animation-grow elementor-repeater-item-ceec3be\" href=\"https:\/\/pin.it\/3Cb4jHL\" target=\"_blank\">\n\t\t\t\t\t\t<span class=\"elementor-screen-only\">Pinterest<\/span>\n\t\t\t\t\t\t<i aria-hidden=\"true\" class=\"fab fa-pinterest\"><\/i>\t\t\t\t\t<\/a>\n\t\t\t\t<\/span>\n\t\t\t\t\t\t\t<span class=\"elementor-grid-item\" role=\"listitem\">\n\t\t\t\t\t<a class=\"elementor-icon elementor-social-icon elementor-social-icon-linkedin elementor-animation-grow elementor-repeater-item-9ea8eb2\" href=\"https:\/\/www.linkedin.com\/company\/intelligenteetaudacieuse\/about\/?viewAsMember=true\" target=\"_blank\">\n\t\t\t\t\t\t<span class=\"elementor-screen-only\">Linkedin<\/span>\n\t\t\t\t\t\t<i aria-hidden=\"true\" class=\"fab fa-linkedin\"><\/i>\t\t\t\t\t<\/a>\n\t\t\t\t<\/span>\n\t\t\t\t\t<\/div>\n\t\t\t\t\t\t<\/div>\n\t\t\t\t<\/div>\n\t\t\t\t\t<\/div>\n\t\t\t\t<\/div>\n\t\t\t\t<\/div>\n\t\t<p><a href=\"\/\/www.pinterest.com\/pin\/create\/button\/\" data-pin-do=\"buttonBookmark\" data-pin-color=\"red\" data-pin-height=\"128\"><img decoding=\"async\" src=\"\/\/assets.pinterest.com\/images\/pidgets\/pinit_fg_en_rect_red_28.png\" \/><\/a><\/p>","protected":false},"excerpt":{"rendered":"<p>\u00c0 TON \u00c9COUTE Tu as des questions et tu souhaites me contacter &nbsp;? Je suis l\u00e0 pour t&#8217;aider. \ud83d\udcaa\ud83c\udffc\u2728 Contact Si vous \u00eates un humain, ne remplissez pas ce champ. Envoyer RETROUVE MOI \u00c9GALEMENT SUR : Instagram Facebook Youtube Pinterest Linkedin<\/p>\n","protected":false},"author":1,"featured_media":0,"parent":0,"menu_order":0,"comment_status":"closed","ping_status":"closed","template":"","meta":{"ocean_post_layout":"","ocean_both_sidebars_style":"","ocean_both_sidebars_content_width":0,"ocean_both_sidebars_sidebars_width":0,"ocean_sidebar":"","ocean_second_sidebar":"","ocean_disable_margins":"enable","ocean_add_body_class":"","ocean_shortcode_before_top_bar":"","ocean_shortcode_after_top_bar":"","ocean_shortcode_before_header":"","ocean_shortcode_after_header":"","ocean_has_shortcode":"","ocean_shortcode_after_title":"","ocean_shortcode_before_footer_widgets":"","ocean_shortcode_after_footer_widgets":"","ocean_shortcode_before_footer_bottom":"","ocean_shortcode_after_footer_bottom":"","ocean_display_top_bar":"default","ocean_display_header":"default","ocean_header_style":"","ocean_center_header_left_menu":"","ocean_custom_header_template":"","ocean_custom_logo":0,"ocean_custom_retina_logo":0,"ocean_custom_logo_max_width":0,"ocean_custom_logo_tablet_max_width":0,"ocean_custom_logo_mobile_max_width":0,"ocean_custom_logo_max_height":0,"ocean_custom_logo_tablet_max_height":0,"ocean_custom_logo_mobile_max_height":0,"ocean_header_custom_menu":"","ocean_menu_typo_font_family":"","ocean_menu_typo_font_subset":"","ocean_menu_typo_font_size":0,"ocean_menu_typo_font_size_tablet":0,"ocean_menu_typo_font_size_mobile":0,"ocean_menu_typo_font_size_unit":"px","ocean_menu_typo_font_weight":"","ocean_menu_typo_font_weight_tablet":"","ocean_menu_typo_font_weight_mobile":"","ocean_menu_typo_transform":"","ocean_menu_typo_transform_tablet":"","ocean_menu_typo_transform_mobile":"","ocean_menu_typo_line_height":0,"ocean_menu_typo_line_height_tablet":0,"ocean_menu_typo_line_height_mobile":0,"ocean_menu_typo_line_height_unit":"","ocean_menu_typo_spacing":0,"ocean_menu_typo_spacing_tablet":0,"ocean_menu_typo_spacing_mobile":0,"ocean_menu_typo_spacing_unit":"","ocean_menu_link_color":"","ocean_menu_link_color_hover":"","ocean_menu_link_color_active":"","ocean_menu_link_background":"","ocean_menu_link_hover_background":"","ocean_menu_link_active_background":"","ocean_menu_social_links_bg":"","ocean_menu_social_hover_links_bg":"","ocean_menu_social_links_color":"","ocean_menu_social_hover_links_color":"","ocean_disable_title":"default","ocean_disable_heading":"default","ocean_post_title":"","ocean_post_subheading":"","ocean_post_title_style":"","ocean_post_title_background_color":"","ocean_post_title_background":0,"ocean_post_title_bg_image_position":"","ocean_post_title_bg_image_attachment":"","ocean_post_title_bg_image_repeat":"","ocean_post_title_bg_image_size":"","ocean_post_title_height":0,"ocean_post_title_bg_overlay":0.5,"ocean_post_title_bg_overlay_color":"","ocean_disable_breadcrumbs":"default","ocean_breadcrumbs_color":"","ocean_breadcrumbs_separator_color":"","ocean_breadcrumbs_links_color":"","ocean_breadcrumbs_links_hover_color":"","ocean_display_footer_widgets":"default","ocean_display_footer_bottom":"default","ocean_custom_footer_template":"","footnotes":""},"class_list":["post-52","page","type-page","status-publish","hentry","entry"],"yoast_head":"<!-- This site is optimized with the Yoast SEO plugin v27.5 - https:\/\/yoast.com\/product\/yoast-seo-wordpress\/ -->\n<title>Contact - Intelligente&amp;Audacieuse<\/title>\n<meta name=\"description\" content=\"Tu as besoin de me poser une question, de me dire quelque chose ? N&#039;h\u00e9sites pas \u00e0 me contacter via la page Contact.\" \/>\n<meta name=\"robots\" content=\"index, follow, max-snippet:-1, max-image-preview:large, max-video-preview:-1\" \/>\n<link rel=\"canonical\" href=\"https:\/\/intelligenteetaudacieuse.com\/index.php\/contact\/\" \/>\n<meta property=\"og:locale\" content=\"en_US\" \/>\n<meta property=\"og:type\" content=\"article\" \/>\n<meta property=\"og:title\" content=\"Contact - Intelligente&amp;Audacieuse\" \/>\n<meta property=\"og:description\" content=\"Tu as besoin de me poser une question, de me dire quelque chose ? N&#039;h\u00e9sites pas \u00e0 me contacter via la page Contact.\" \/>\n<meta property=\"og:url\" content=\"https:\/\/intelligenteetaudacieuse.com\/index.php\/contact\/\" \/>\n<meta property=\"og:site_name\" content=\"Intelligente&amp;Audacieuse\" \/>\n<meta property=\"article:publisher\" content=\"https:\/\/www.facebook.com\/profile.php?id=61553709681320\" \/>\n<meta property=\"article:modified_time\" content=\"2024-01-23T08:07:43+00:00\" \/>\n<meta property=\"og:image\" content=\"http:\/\/intelligenteetaudacieuse.com\/wp-content\/uploads\/2023\/09\/Intelligente-removebg-preview-e1695827530194.png\" \/>\n<meta name=\"twitter:card\" content=\"summary_large_image\" \/>\n<meta name=\"twitter:label1\" content=\"Est. reading time\" \/>\n\t<meta name=\"twitter:data1\" content=\"1 minute\" \/>\n<script type=\"application\/ld+json\" class=\"yoast-schema-graph\">{\"@context\":\"https:\\\/\\\/schema.org\",\"@graph\":[{\"@type\":\"WebPage\",\"@id\":\"https:\\\/\\\/intelligenteetaudacieuse.com\\\/index.php\\\/contact\\\/\",\"url\":\"https:\\\/\\\/intelligenteetaudacieuse.com\\\/index.php\\\/contact\\\/\",\"name\":\"Contact - Intelligente&amp;Audacieuse\",\"isPartOf\":{\"@id\":\"https:\\\/\\\/intelligenteetaudacieuse.com\\\/#website\"},\"primaryImageOfPage\":{\"@id\":\"https:\\\/\\\/intelligenteetaudacieuse.com\\\/index.php\\\/contact\\\/#primaryimage\"},\"image\":{\"@id\":\"https:\\\/\\\/intelligenteetaudacieuse.com\\\/index.php\\\/contact\\\/#primaryimage\"},\"thumbnailUrl\":\"http:\\\/\\\/intelligenteetaudacieuse.com\\\/wp-content\\\/uploads\\\/2023\\\/09\\\/Intelligente-removebg-preview-e1695827530194.png\",\"datePublished\":\"2023-09-26T20:05:25+00:00\",\"dateModified\":\"2024-01-23T08:07:43+00:00\",\"description\":\"Tu as besoin de me poser une question, de me dire quelque chose ? N'h\u00e9sites pas \u00e0 me contacter via la page Contact.\",\"breadcrumb\":{\"@id\":\"https:\\\/\\\/intelligenteetaudacieuse.com\\\/index.php\\\/contact\\\/#breadcrumb\"},\"inLanguage\":\"en-US\",\"potentialAction\":[{\"@type\":\"ReadAction\",\"target\":[\"https:\\\/\\\/intelligenteetaudacieuse.com\\\/index.php\\\/contact\\\/\"]}]},{\"@type\":\"ImageObject\",\"inLanguage\":\"en-US\",\"@id\":\"https:\\\/\\\/intelligenteetaudacieuse.com\\\/index.php\\\/contact\\\/#primaryimage\",\"url\":\"http:\\\/\\\/intelligenteetaudacieuse.com\\\/wp-content\\\/uploads\\\/2023\\\/09\\\/Intelligente-removebg-preview-e1695827530194.png\",\"contentUrl\":\"http:\\\/\\\/intelligenteetaudacieuse.com\\\/wp-content\\\/uploads\\\/2023\\\/09\\\/Intelligente-removebg-preview-e1695827530194.png\"},{\"@type\":\"BreadcrumbList\",\"@id\":\"https:\\\/\\\/intelligenteetaudacieuse.com\\\/index.php\\\/contact\\\/#breadcrumb\",\"itemListElement\":[{\"@type\":\"ListItem\",\"position\":1,\"name\":\"Accueil\",\"item\":\"https:\\\/\\\/intelligenteetaudacieuse.com\\\/\"},{\"@type\":\"ListItem\",\"position\":2,\"name\":\"Contact\"}]},{\"@type\":\"WebSite\",\"@id\":\"https:\\\/\\\/intelligenteetaudacieuse.com\\\/#website\",\"url\":\"https:\\\/\\\/intelligenteetaudacieuse.com\\\/\",\"name\":\"Intelligente&Audacieuse\",\"description\":\"Conseils, Recommandations et Confort\",\"publisher\":{\"@id\":\"https:\\\/\\\/intelligenteetaudacieuse.com\\\/#organization\"},\"potentialAction\":[{\"@type\":\"SearchAction\",\"target\":{\"@type\":\"EntryPoint\",\"urlTemplate\":\"https:\\\/\\\/intelligenteetaudacieuse.com\\\/?s={search_term_string}\"},\"query-input\":{\"@type\":\"PropertyValueSpecification\",\"valueRequired\":true,\"valueName\":\"search_term_string\"}}],\"inLanguage\":\"en-US\"},{\"@type\":\"Organization\",\"@id\":\"https:\\\/\\\/intelligenteetaudacieuse.com\\\/#organization\",\"name\":\"Intelligente&Audacieuse\",\"url\":\"https:\\\/\\\/intelligenteetaudacieuse.com\\\/\",\"logo\":{\"@type\":\"ImageObject\",\"inLanguage\":\"en-US\",\"@id\":\"https:\\\/\\\/intelligenteetaudacieuse.com\\\/#\\\/schema\\\/logo\\\/image\\\/\",\"url\":\"https:\\\/\\\/intelligenteetaudacieuse.com\\\/wp-content\\\/uploads\\\/2023\\\/11\\\/cropped-cropped-Ambitieuse_copie_2-removebg-preview.png\",\"contentUrl\":\"https:\\\/\\\/intelligenteetaudacieuse.com\\\/wp-content\\\/uploads\\\/2023\\\/11\\\/cropped-cropped-Ambitieuse_copie_2-removebg-preview.png\",\"width\":434,\"height\":192,\"caption\":\"Intelligente&Audacieuse\"},\"image\":{\"@id\":\"https:\\\/\\\/intelligenteetaudacieuse.com\\\/#\\\/schema\\\/logo\\\/image\\\/\"},\"sameAs\":[\"https:\\\/\\\/www.facebook.com\\\/profile.php?id=61553709681320\",\"https:\\\/\\\/www.pinterest.fr58f9fa0dec6fd0fdad06858f2db4ea57\",\"https:\\\/\\\/www.instagram.com\\\/intelligenteetaudacieuse\\\/\",\"https:\\\/\\\/www.linkedin.com\\\/company\\\/86211223\\\/admin\\\/feed\\\/posts\\\/?feedType=following\",\"https:\\\/\\\/www.youtube.com\\\/channel\\\/UC4vJC9O5Wzdc9y-HdHQJN2g\"]}]}<\/script>\n<!-- \/ Yoast SEO plugin. -->","yoast_head_json":{"title":"Contact - Intelligente&amp;Audacieuse","description":"Tu as besoin de me poser une question, de me dire quelque chose ? N'h\u00e9sites pas \u00e0 me contacter via la page Contact.","robots":{"index":"index","follow":"follow","max-snippet":"max-snippet:-1","max-image-preview":"max-image-preview:large","max-video-preview":"max-video-preview:-1"},"canonical":"https:\/\/intelligenteetaudacieuse.com\/index.php\/contact\/","og_locale":"en_US","og_type":"article","og_title":"Contact - Intelligente&amp;Audacieuse","og_description":"Tu as besoin de me poser une question, de me dire quelque chose ? N'h\u00e9sites pas \u00e0 me contacter via la page Contact.","og_url":"https:\/\/intelligenteetaudacieuse.com\/index.php\/contact\/","og_site_name":"Intelligente&amp;Audacieuse","article_publisher":"https:\/\/www.facebook.com\/profile.php?id=61553709681320","article_modified_time":"2024-01-23T08:07:43+00:00","og_image":[{"url":"http:\/\/intelligenteetaudacieuse.com\/wp-content\/uploads\/2023\/09\/Intelligente-removebg-preview-e1695827530194.png","type":"","width":"","height":""}],"twitter_card":"summary_large_image","twitter_misc":{"Est. reading time":"1 minute"},"schema":{"@context":"https:\/\/schema.org","@graph":[{"@type":"WebPage","@id":"https:\/\/intelligenteetaudacieuse.com\/index.php\/contact\/","url":"https:\/\/intelligenteetaudacieuse.com\/index.php\/contact\/","name":"Contact - Intelligente&amp;Audacieuse","isPartOf":{"@id":"https:\/\/intelligenteetaudacieuse.com\/#website"},"primaryImageOfPage":{"@id":"https:\/\/intelligenteetaudacieuse.com\/index.php\/contact\/#primaryimage"},"image":{"@id":"https:\/\/intelligenteetaudacieuse.com\/index.php\/contact\/#primaryimage"},"thumbnailUrl":"http:\/\/intelligenteetaudacieuse.com\/wp-content\/uploads\/2023\/09\/Intelligente-removebg-preview-e1695827530194.png","datePublished":"2023-09-26T20:05:25+00:00","dateModified":"2024-01-23T08:07:43+00:00","description":"Tu as besoin de me poser une question, de me dire quelque chose ? N'h\u00e9sites pas \u00e0 me contacter via la page Contact.","breadcrumb":{"@id":"https:\/\/intelligenteetaudacieuse.com\/index.php\/contact\/#breadcrumb"},"inLanguage":"en-US","potentialAction":[{"@type":"ReadAction","target":["https:\/\/intelligenteetaudacieuse.com\/index.php\/contact\/"]}]},{"@type":"ImageObject","inLanguage":"en-US","@id":"https:\/\/intelligenteetaudacieuse.com\/index.php\/contact\/#primaryimage","url":"http:\/\/intelligenteetaudacieuse.com\/wp-content\/uploads\/2023\/09\/Intelligente-removebg-preview-e1695827530194.png","contentUrl":"http:\/\/intelligenteetaudacieuse.com\/wp-content\/uploads\/2023\/09\/Intelligente-removebg-preview-e1695827530194.png"},{"@type":"BreadcrumbList","@id":"https:\/\/intelligenteetaudacieuse.com\/index.php\/contact\/#breadcrumb","itemListElement":[{"@type":"ListItem","position":1,"name":"Accueil","item":"https:\/\/intelligenteetaudacieuse.com\/"},{"@type":"ListItem","position":2,"name":"Contact"}]},{"@type":"WebSite","@id":"https:\/\/intelligenteetaudacieuse.com\/#website","url":"https:\/\/intelligenteetaudacieuse.com\/","name":"Intelligente&Audacieuse","description":"Conseils, Recommandations et Confort","publisher":{"@id":"https:\/\/intelligenteetaudacieuse.com\/#organization"},"potentialAction":[{"@type":"SearchAction","target":{"@type":"EntryPoint","urlTemplate":"https:\/\/intelligenteetaudacieuse.com\/?s={search_term_string}"},"query-input":{"@type":"PropertyValueSpecification","valueRequired":true,"valueName":"search_term_string"}}],"inLanguage":"en-US"},{"@type":"Organization","@id":"https:\/\/intelligenteetaudacieuse.com\/#organization","name":"Intelligente&Audacieuse","url":"https:\/\/intelligenteetaudacieuse.com\/","logo":{"@type":"ImageObject","inLanguage":"en-US","@id":"https:\/\/intelligenteetaudacieuse.com\/#\/schema\/logo\/image\/","url":"https:\/\/intelligenteetaudacieuse.com\/wp-content\/uploads\/2023\/11\/cropped-cropped-Ambitieuse_copie_2-removebg-preview.png","contentUrl":"https:\/\/intelligenteetaudacieuse.com\/wp-content\/uploads\/2023\/11\/cropped-cropped-Ambitieuse_copie_2-removebg-preview.png","width":434,"height":192,"caption":"Intelligente&Audacieuse"},"image":{"@id":"https:\/\/intelligenteetaudacieuse.com\/#\/schema\/logo\/image\/"},"sameAs":["https:\/\/www.facebook.com\/profile.php?id=61553709681320","https:\/\/www.pinterest.fr58f9fa0dec6fd0fdad06858f2db4ea57","https:\/\/www.instagram.com\/intelligenteetaudacieuse\/","https:\/\/www.linkedin.com\/company\/86211223\/admin\/feed\/posts\/?feedType=following","https:\/\/www.youtube.com\/channel\/UC4vJC9O5Wzdc9y-HdHQJN2g"]}]}},"_links":{"self":[{"href":"https:\/\/intelligenteetaudacieuse.com\/index.php\/wp-json\/wp\/v2\/pages\/52","targetHints":{"allow":["GET"]}}],"collection":[{"href":"https:\/\/intelligenteetaudacieuse.com\/index.php\/wp-json\/wp\/v2\/pages"}],"about":[{"href":"https:\/\/intelligenteetaudacieuse.com\/index.php\/wp-json\/wp\/v2\/types\/page"}],"author":[{"embeddable":true,"href":"https:\/\/intelligenteetaudacieuse.com\/index.php\/wp-json\/wp\/v2\/users\/1"}],"replies":[{"embeddable":true,"href":"https:\/\/intelligenteetaudacieuse.com\/index.php\/wp-json\/wp\/v2\/comments?post=52"}],"version-history":[{"count":52,"href":"https:\/\/intelligenteetaudacieuse.com\/index.php\/wp-json\/wp\/v2\/pages\/52\/revisions"}],"predecessor-version":[{"id":1385,"href":"https:\/\/intelligenteetaudacieuse.com\/index.php\/wp-json\/wp\/v2\/pages\/52\/revisions\/1385"}],"wp:attachment":[{"href":"https:\/\/intelligenteetaudacieuse.com\/index.php\/wp-json\/wp\/v2\/media?parent=52"}],"curies":[{"name":"wp","href":"https:\/\/api.w.org\/{rel}","templated":true}]}}